{"id":10,"date":"2026-02-20T11:37:14","date_gmt":"2026-02-20T11:37:14","guid":{"rendered":"https:\/\/otxarri.rkinformatika.online\/?page_id=10"},"modified":"2026-02-25T11:24:56","modified_gmt":"2026-02-25T11:24:56","slug":"inicio","status":"publish","type":"page","link":"https:\/\/otxarri.com\/eu\/","title":{"rendered":"Hasiera"},"content":{"rendered":"<div data-elementor-type=\"wp-page\" data-elementor-id=\"10\" class=\"elementor elementor-10\" data-elementor-post-type=\"page\">\n\t\t\t\t<div class=\"elementor-element elementor-element-a1dec41 animated-slow e-flex e-con-boxed elementor-invisible e-con e-parent\" data-id=\"a1dec41\" data-element_type=\"container\" data-e-type=\"container\" data-settings=\"{&quot;background_background&quot;:&quot;classic&quot;,&quot;animation&quot;:&quot;fadeIn&quot;}\">\n\t\t\t\t\t<div class=\"e-con-inner\">\n\t\t\t\t\t<\/div>\n\t\t\t\t<\/div>\n\t\t<div class=\"elementor-element elementor-element-a2da71c animated-slow e-flex e-con-boxed elementor-invisible e-con e-parent\" data-id=\"a2da71c\" data-element_type=\"container\" data-e-type=\"container\" data-settings=\"{&quot;background_background&quot;:&quot;classic&quot;,&quot;animation&quot;:&quot;fadeInDown&quot;}\">\n\t\t\t\t\t<div class=\"e-con-inner\">\n\t\t<div class=\"elementor-element elementor-element-9d322f1 e-con-full e-flex e-con e-child\" data-id=\"9d322f1\" data-element_type=\"container\" data-e-type=\"container\">\n\t\t\t\t<div class=\"elementor-element elementor-element-ffa55da elementor-widget elementor-widget-heading\" data-id=\"ffa55da\" data-element_type=\"widget\" data-e-type=\"widget\" data-widget_type=\"heading.default\">\n\t\t\t\t\t<h2 class=\"elementor-heading-title elementor-size-default\">Gertuko arreta eta etengabeko laguntza ostalaritzako profesionalentzat<\/h2>\t\t\t\t<\/div>\n\t\t\t\t<\/div>\n\t\t\t\t\t<\/div>\n\t\t\t\t<\/div>\n\t\t<div class=\"elementor-element elementor-element-769b9ca elementor-hidden-tablet e-flex e-con-boxed e-con e-parent\" data-id=\"769b9ca\" data-element_type=\"container\" data-e-type=\"container\">\n\t\t\t\t\t<div class=\"e-con-inner\">\n\t\t<div class=\"elementor-element elementor-element-c5b1528 e-con-full animated-slow e-flex elementor-invisible e-con e-child\" data-id=\"c5b1528\" data-element_type=\"container\" data-e-type=\"container\" data-settings=\"{&quot;animation&quot;:&quot;fadeInLeft&quot;}\">\n\t\t\t\t<div class=\"elementor-element elementor-element-13902aa elementor-widget elementor-widget-heading\" data-id=\"13902aa\" data-element_type=\"widget\" data-e-type=\"widget\" data-widget_type=\"heading.default\">\n\t\t\t\t\t<h2 class=\"elementor-heading-title elementor-size-default\">Guri Buruz:<\/h2>\t\t\t\t<\/div>\n\t\t\t\t<div class=\"elementor-element elementor-element-2129eef elementor-widget elementor-widget-text-editor\" data-id=\"2129eef\" data-element_type=\"widget\" data-e-type=\"widget\" data-widget_type=\"text-editor.default\">\n\t\t\t\t\t\t\t\t\t<p>Otxarri Suministros de Hosteler\u00eda enpresan milaka artikulu ditugu profesionalentzat, eta horiekin zerbitzu integrala eskaintzen dugu, zure negozioan behar duzun guztiaren xehetasunez.<br \/>Bizkaia osoko entregak estaltzen eta bermatzen ditugu, erabilera profesionalerako ditugun produktu sorta zabalarekin: baxerak, jantziak, altzariak, tresneria, garbiketa produktuak, etab.<br \/>Gure produktuetako edozeinetan interesatuta zaude edo kontsulta bat utzi nahi diguzu?<br \/>Bidali zure datuak esteka honetan klik eginez: aurrekontua eta zurekin harremanetan jarriko gara.<\/p>\t\t\t\t\t\t\t\t<\/div>\n\t\t\t\t<\/div>\n\t\t\t\t\t<\/div>\n\t\t\t\t<\/div>\n\t\t<div class=\"elementor-element elementor-element-e9a9f98 elementor-hidden-desktop elementor-hidden-mobile e-flex e-con-boxed e-con e-parent\" data-id=\"e9a9f98\" data-element_type=\"container\" data-e-type=\"container\" data-settings=\"{&quot;animation_tablet&quot;:&quot;fadeInLeft&quot;}\">\n\t\t\t\t\t<div class=\"e-con-inner\">\n\t\t<div class=\"elementor-element elementor-element-4e45e4a e-con-full e-flex e-con e-child\" data-id=\"4e45e4a\" data-element_type=\"container\" data-e-type=\"container\">\n\t\t\t\t<div class=\"elementor-element elementor-element-ea62259 elementor-widget elementor-widget-heading\" data-id=\"ea62259\" data-element_type=\"widget\" data-e-type=\"widget\" data-widget_type=\"heading.default\">\n\t\t\t\t\t<h2 class=\"elementor-heading-title elementor-size-default\">Guri Buruz:<\/h2>\t\t\t\t<\/div>\n\t\t\t\t<\/div>\n\t\t<div class=\"elementor-element elementor-element-8ad1c14 e-con-full e-flex e-con e-child\" data-id=\"8ad1c14\" data-element_type=\"container\" data-e-type=\"container\">\n\t\t\t\t<div class=\"elementor-element elementor-element-c3a7f8f elementor-widget elementor-widget-text-editor\" data-id=\"c3a7f8f\" data-element_type=\"widget\" data-e-type=\"widget\" data-widget_type=\"text-editor.default\">\n\t\t\t\t\t\t\t\t\t<p>Otxarri Suministros de Hosteler\u00eda enpresan milaka artikulu ditugu profesionalentzat, eta horiekin zerbitzu integrala eskaintzen dugu, zure negozioan behar duzun guztiaren xehetasunez.<br \/>Bizkaia osoko entregak estaltzen eta bermatzen ditugu, erabilera profesionalerako ditugun produktu sorta zabalarekin: baxerak, jantziak, altzariak, tresneria, garbiketa produktuak, etab.<br \/>Gure produktuetako edozeinetan interesatuta zaude edo kontsulta bat utzi nahi diguzu?<br \/>Bidali zure datuak esteka honetan klik eginez: aurrekontua eta zurekin harremanetan jarriko gara.<\/p>\t\t\t\t\t\t\t\t<\/div>\n\t\t\t\t<\/div>\n\t\t\t\t\t<\/div>\n\t\t\t\t<\/div>\n\t\t<div class=\"elementor-element elementor-element-416b377 animated-slow e-flex e-con-boxed elementor-invisible e-con e-parent\" data-id=\"416b377\" data-element_type=\"container\" data-e-type=\"container\" data-settings=\"{&quot;background_background&quot;:&quot;classic&quot;,&quot;animation&quot;:&quot;fadeInUp&quot;}\">\n\t\t\t\t\t<div class=\"e-con-inner\">\n\t\t\t\t<div class=\"elementor-element elementor-element-f866591 elementor-widget elementor-widget-heading\" data-id=\"f866591\" data-element_type=\"widget\" data-e-type=\"widget\" data-widget_type=\"heading.default\">\n\t\t\t\t\t<h2 class=\"elementor-heading-title elementor-size-default\">Ostalaritzako horniduren konfiantzazko zure hornitzailea<\/h2>\t\t\t\t<\/div>\n\t\t\t\t<div class=\"elementor-element elementor-element-ba7feee elementor-align-center elementor-widget elementor-widget-button\" data-id=\"ba7feee\" data-element_type=\"widget\" data-e-type=\"widget\" data-widget_type=\"button.default\">\n\t\t\t\t\t\t\t\t\t\t<a class=\"elementor-button elementor-button-link elementor-size-sm elementor-animation-grow\" href=\"\/eu\/servicios\/\">\n\t\t\t\t\t\t<span class=\"elementor-button-content-wrapper\">\n\t\t\t\t\t\t\t\t\t<span class=\"elementor-button-text\">SERVICIOS<\/span>\n\t\t\t\t\t<\/span>\n\t\t\t\t\t<\/a>\n\t\t\t\t\t\t\t\t<\/div>\n\t\t\t\t\t<\/div>\n\t\t\t\t<\/div>\n\t\t\t\t<\/div>","protected":false},"excerpt":{"rendered":"<p>Atenci\u00f3n cercana y soporte continuo para profesionales de la hosteler\u00eda Sobre Nosotros: En Otxarri Suministros de Hosteler\u00eda disponemos de miles de art\u00edculos para profesionales con los que ofrecemos un servicio integral y al detalle de todo lo que pueda necesitar en su negocio.Cubrimos y garantizamos entregas en toda Vizcaya con nuestra amplia gama de productos [&hellip;]<\/p>\n","protected":false},"author":1,"featured_media":0,"parent":0,"menu_order":0,"comment_status":"closed","ping_status":"closed","template":"elementor_canvas","meta":{"footnotes":""},"class_list":["post-10","page","type-page","status-publish","hentry"],"yoast_head":"<!-- This site is optimized with the Yoast SEO plugin v27.4 - https:\/\/yoast.com\/product\/yoast-seo-wordpress\/ -->\n<title>Inicio - Otxarri<\/title>\n<meta name=\"robots\" content=\"index, follow, max-snippet:-1, max-image-preview:large, max-video-preview:-1\" \/>\n<link rel=\"canonical\" href=\"https:\/\/otxarri.com\/eu\/\" \/>\n<meta property=\"og:locale\" content=\"en_US\" \/>\n<meta property=\"og:type\" content=\"article\" \/>\n<meta property=\"og:title\" content=\"Inicio - Otxarri\" \/>\n<meta property=\"og:description\" content=\"Atenci\u00f3n cercana y soporte continuo para profesionales de la hosteler\u00eda Sobre Nosotros: En Otxarri Suministros de Hosteler\u00eda disponemos de miles de art\u00edculos para profesionales con los que ofrecemos un servicio integral y al detalle de todo lo que pueda necesitar en su negocio.Cubrimos y garantizamos entregas en toda Vizcaya con nuestra amplia gama de productos [&hellip;]\" \/>\n<meta property=\"og:url\" content=\"https:\/\/otxarri.com\/eu\/\" \/>\n<meta property=\"og:site_name\" content=\"Otxarri\" \/>\n<meta property=\"article:modified_time\" content=\"2026-02-25T11:24:56+00:00\" \/>\n<meta name=\"twitter:card\" content=\"summary_large_image\" \/>\n<meta name=\"twitter:label1\" content=\"Est. reading time\" \/>\n\t<meta name=\"twitter:data1\" content=\"1 minutua\" \/>\n<script type=\"application\/ld+json\" class=\"yoast-schema-graph\">{\"@context\":\"https:\\\/\\\/schema.org\",\"@graph\":[{\"@type\":\"WebPage\",\"@id\":\"https:\\\/\\\/otxarri.com\\\/\",\"url\":\"https:\\\/\\\/otxarri.com\\\/\",\"name\":\"Inicio - Otxarri\",\"isPartOf\":{\"@id\":\"https:\\\/\\\/otxarri.com\\\/#website\"},\"datePublished\":\"2026-02-20T11:37:14+00:00\",\"dateModified\":\"2026-02-25T11:24:56+00:00\",\"breadcrumb\":{\"@id\":\"https:\\\/\\\/otxarri.com\\\/#breadcrumb\"},\"inLanguage\":\"eu\",\"potentialAction\":[{\"@type\":\"ReadAction\",\"target\":[\"https:\\\/\\\/otxarri.com\\\/\"]}]},{\"@type\":\"BreadcrumbList\",\"@id\":\"https:\\\/\\\/otxarri.com\\\/#breadcrumb\",\"itemListElement\":[{\"@type\":\"ListItem\",\"position\":1,\"name\":\"Portada\",\"item\":\"https:\\\/\\\/otxarri.com\\\/\"},{\"@type\":\"ListItem\",\"position\":2,\"name\":\"Inicio\"}]},{\"@type\":\"WebSite\",\"@id\":\"https:\\\/\\\/otxarri.com\\\/#website\",\"url\":\"https:\\\/\\\/otxarri.com\\\/\",\"name\":\"Otxarri\",\"description\":\"\",\"publisher\":{\"@id\":\"https:\\\/\\\/otxarri.com\\\/#organization\"},\"potentialAction\":[{\"@type\":\"SearchAction\",\"target\":{\"@type\":\"EntryPoint\",\"urlTemplate\":\"https:\\\/\\\/otxarri.com\\\/?s={search_term_string}\"},\"query-input\":{\"@type\":\"PropertyValueSpecification\",\"valueRequired\":true,\"valueName\":\"search_term_string\"}}],\"inLanguage\":\"eu\"},{\"@type\":\"Organization\",\"@id\":\"https:\\\/\\\/otxarri.com\\\/#organization\",\"name\":\"Otxarri\",\"url\":\"https:\\\/\\\/otxarri.com\\\/\",\"logo\":{\"@type\":\"ImageObject\",\"inLanguage\":\"eu\",\"@id\":\"https:\\\/\\\/otxarri.com\\\/#\\\/schema\\\/logo\\\/image\\\/\",\"url\":\"https:\\\/\\\/otxarri.com\\\/wp-content\\\/uploads\\\/2026\\\/02\\\/cropped-ChatGPT-Image-Feb-24-2026-04_12_46-PM.png\",\"contentUrl\":\"https:\\\/\\\/otxarri.com\\\/wp-content\\\/uploads\\\/2026\\\/02\\\/cropped-ChatGPT-Image-Feb-24-2026-04_12_46-PM.png\",\"width\":1277,\"height\":460,\"caption\":\"Otxarri\"},\"image\":{\"@id\":\"https:\\\/\\\/otxarri.com\\\/#\\\/schema\\\/logo\\\/image\\\/\"}}]}<\/script>\n<!-- \/ Yoast SEO plugin. -->","yoast_head_json":{"title":"Inicio - Otxarri","robots":{"index":"index","follow":"follow","max-snippet":"max-snippet:-1","max-image-preview":"max-image-preview:large","max-video-preview":"max-video-preview:-1"},"canonical":"https:\/\/otxarri.com\/eu\/","og_locale":"en_US","og_type":"article","og_title":"Inicio - Otxarri","og_description":"Atenci\u00f3n cercana y soporte continuo para profesionales de la hosteler\u00eda Sobre Nosotros: En Otxarri Suministros de Hosteler\u00eda disponemos de miles de art\u00edculos para profesionales con los que ofrecemos un servicio integral y al detalle de todo lo que pueda necesitar en su negocio.Cubrimos y garantizamos entregas en toda Vizcaya con nuestra amplia gama de productos [&hellip;]","og_url":"https:\/\/otxarri.com\/eu\/","og_site_name":"Otxarri","article_modified_time":"2026-02-25T11:24:56+00:00","twitter_card":"summary_large_image","twitter_misc":{"Est. reading time":"1 minutua"},"schema":{"@context":"https:\/\/schema.org","@graph":[{"@type":"WebPage","@id":"https:\/\/otxarri.com\/","url":"https:\/\/otxarri.com\/","name":"Inicio - Otxarri","isPartOf":{"@id":"https:\/\/otxarri.com\/#website"},"datePublished":"2026-02-20T11:37:14+00:00","dateModified":"2026-02-25T11:24:56+00:00","breadcrumb":{"@id":"https:\/\/otxarri.com\/#breadcrumb"},"inLanguage":"eu","potentialAction":[{"@type":"ReadAction","target":["https:\/\/otxarri.com\/"]}]},{"@type":"BreadcrumbList","@id":"https:\/\/otxarri.com\/#breadcrumb","itemListElement":[{"@type":"ListItem","position":1,"name":"Portada","item":"https:\/\/otxarri.com\/"},{"@type":"ListItem","position":2,"name":"Inicio"}]},{"@type":"WebSite","@id":"https:\/\/otxarri.com\/#website","url":"https:\/\/otxarri.com\/","name":"Otxarri","description":"","publisher":{"@id":"https:\/\/otxarri.com\/#organization"},"potentialAction":[{"@type":"SearchAction","target":{"@type":"EntryPoint","urlTemplate":"https:\/\/otxarri.com\/?s={search_term_string}"},"query-input":{"@type":"PropertyValueSpecification","valueRequired":true,"valueName":"search_term_string"}}],"inLanguage":"eu"},{"@type":"Organization","@id":"https:\/\/otxarri.com\/#organization","name":"Otxarri","url":"https:\/\/otxarri.com\/","logo":{"@type":"ImageObject","inLanguage":"eu","@id":"https:\/\/otxarri.com\/#\/schema\/logo\/image\/","url":"https:\/\/otxarri.com\/wp-content\/uploads\/2026\/02\/cropped-ChatGPT-Image-Feb-24-2026-04_12_46-PM.png","contentUrl":"https:\/\/otxarri.com\/wp-content\/uploads\/2026\/02\/cropped-ChatGPT-Image-Feb-24-2026-04_12_46-PM.png","width":1277,"height":460,"caption":"Otxarri"},"image":{"@id":"https:\/\/otxarri.com\/#\/schema\/logo\/image\/"}}]}},"_links":{"self":[{"href":"https:\/\/otxarri.com\/eu\/wp-json\/wp\/v2\/pages\/10","targetHints":{"allow":["GET"]}}],"collection":[{"href":"https:\/\/otxarri.com\/eu\/wp-json\/wp\/v2\/pages"}],"about":[{"href":"https:\/\/otxarri.com\/eu\/wp-json\/wp\/v2\/types\/page"}],"author":[{"embeddable":true,"href":"https:\/\/otxarri.com\/eu\/wp-json\/wp\/v2\/users\/1"}],"replies":[{"embeddable":true,"href":"https:\/\/otxarri.com\/eu\/wp-json\/wp\/v2\/comments?post=10"}],"version-history":[{"count":97,"href":"https:\/\/otxarri.com\/eu\/wp-json\/wp\/v2\/pages\/10\/revisions"}],"predecessor-version":[{"id":276,"href":"https:\/\/otxarri.com\/eu\/wp-json\/wp\/v2\/pages\/10\/revisions\/276"}],"wp:attachment":[{"href":"https:\/\/otxarri.com\/eu\/wp-json\/wp\/v2\/media?parent=10"}],"curies":[{"name":"wp","href":"https:\/\/api.w.org\/{rel}","templated":true}]}}